{"id":4568,"date":"2020-02-15T10:36:10","date_gmt":"2020-02-15T09:36:10","guid":{"rendered":"https:\/\/the7.io\/logistics\/?page_id=12"},"modified":"2025-06-26T16:15:09","modified_gmt":"2025-06-26T14:15:09","slug":"historik","status":"publish","type":"page","link":"https:\/\/www.goksater.com\/?page_id=4568","title":{"rendered":"Historik"},"content":{"rendered":"\t\t<div data-elementor-type=\"wp-page\" data-elementor-id=\"4568\" class=\"elementor elementor-4568\" data-elementor-post-type=\"page\">\n\t\t\t\t\t\t<section class=\"elementor-section elementor-top-section elementor-element elementor-element-b841804 elementor-section-content-middle elementor-section-boxed elementor-section-height-default elementor-section-height-default\" data-id=\"b841804\" data-element_type=\"section\" data-e-type=\"section\">\n\t\t\t\t\t\t<div class=\"elementor-container elementor-column-gap-wider\">\n\t\t\t\t\t<div class=\"elementor-column elementor-col-50 elementor-top-column elementor-element elementor-element-bc116fb\" data-id=\"bc116fb\" data-element_type=\"column\" data-e-type=\"column\">\n\t\t\t<div class=\"elementor-widget-wrap elementor-element-populated\">\n\t\t\t\t\t\t<div class=\"elementor-element elementor-element-0b37fe1 elementor-widget elementor-widget-heading\" data-id=\"0b37fe1\" data-element_type=\"widget\" data-e-type=\"widget\" data-widget_type=\"heading.default\">\n\t\t\t\t<div class=\"elementor-widget-container\">\n\t\t\t\t\t<h3 class=\"elementor-heading-title elementor-size-default\">historik<\/h3>\t\t\t\t<\/div>\n\t\t\t\t<\/div>\n\t\t\t\t\t<\/div>\n\t\t<\/div>\n\t\t\t\t<div class=\"elementor-column elementor-col-50 elementor-top-column elementor-element elementor-element-49208bf\" data-id=\"49208bf\" data-element_type=\"column\" data-e-type=\"column\">\n\t\t\t<div class=\"elementor-widget-wrap elementor-element-populated\">\n\t\t\t\t\t\t<div class=\"elementor-element elementor-element-f4e8296 elementor-widget__width-auto elementor-widget elementor-widget-heading\" data-id=\"f4e8296\" data-element_type=\"widget\" data-e-type=\"widget\" data-widget_type=\"heading.default\">\n\t\t\t\t<div class=\"elementor-widget-container\">\n\t\t\t\t\t<h3 class=\"elementor-heading-title elementor-size-default\">Vi har funnits \u00f6ver 150 \u00e5r<\/h3>\t\t\t\t<\/div>\n\t\t\t\t<\/div>\n\t\t\t\t\t<\/div>\n\t\t<\/div>\n\t\t\t\t\t<\/div>\n\t\t<\/section>\n\t\t\t\t<section class=\"elementor-section elementor-top-section elementor-element elementor-element-ec6b5d1 elementor-section-boxed elementor-section-height-default elementor-section-height-default\" data-id=\"ec6b5d1\" data-element_type=\"section\" data-e-type=\"section\">\n\t\t\t\t\t\t<div class=\"elementor-container elementor-column-gap-wider\">\n\t\t\t\t\t<div class=\"elementor-column elementor-col-25 elementor-top-column elementor-element elementor-element-c3f2af7\" data-id=\"c3f2af7\" data-element_type=\"column\" data-e-type=\"column\">\n\t\t\t<div class=\"elementor-widget-wrap elementor-element-populated\">\n\t\t\t\t\t\t<div class=\"elementor-element elementor-element-fe33b3e elementor-widget__width-auto elementor-widget elementor-widget-heading\" data-id=\"fe33b3e\" data-element_type=\"widget\" data-e-type=\"widget\" data-widget_type=\"heading.default\">\n\t\t\t\t<div class=\"elementor-widget-container\">\n\t\t\t\t\t<h2 class=\"elementor-heading-title elementor-size-default\">est. <\/h2>\t\t\t\t<\/div>\n\t\t\t\t<\/div>\n\t\t\t\t<div class=\"elementor-element elementor-element-4f20aee elementor-widget__width-auto elementor-widget elementor-widget-heading\" data-id=\"4f20aee\" data-element_type=\"widget\" data-e-type=\"widget\" data-widget_type=\"heading.default\">\n\t\t\t\t<div class=\"elementor-widget-container\">\n\t\t\t\t\t<h2 class=\"elementor-heading-title elementor-size-default\">1866<\/h2>\t\t\t\t<\/div>\n\t\t\t\t<\/div>\n\t\t\t\t<div class=\"elementor-element elementor-element-0c5ba37 elementor-widget elementor-widget-spacer\" data-id=\"0c5ba37\" data-element_type=\"widget\" data-e-type=\"widget\" data-widget_type=\"spacer.default\">\n\t\t\t\t<div class=\"elementor-widget-container\">\n\t\t\t\t\t\t\t<div class=\"elementor-spacer\">\n\t\t\t<div class=\"elementor-spacer-inner\"><\/div>\n\t\t<\/div>\n\t\t\t\t\t\t<\/div>\n\t\t\t\t<\/div>\n\t\t\t\t<div class=\"elementor-element elementor-element-7bc4da7 content-align-left icon-box-vertical-align-top icon-position-left icon-vertical-align-start elementor-widget elementor-widget-the7_icon_box_grid_widget\" data-id=\"7bc4da7\" data-element_type=\"widget\" data-e-type=\"widget\" data-widget_type=\"the7_icon_box_grid_widget.default\">\n\t\t\t\t<div class=\"elementor-widget-container\">\n\t\t\t\t\t<div class=\"the7-box-grid-wrapper the7-elementor-widget loading-effect-none the7_icon_box_grid_widget-7bc4da7\">\t\t\t<div class=\"dt-css-grid\">\n\t\t\t\t\t\t\t\t\t<div class=\"wf-cell shown\">\n\t\t\t\t\t\t<div class=\"the7-icon-box-grid\">\t\t\t\t\t\t\t<div class=\"box-content-wrapper\">\n\t\t\t\t\t\t\t\t\t\t\t\t\t\t\t\t<div class=\"box-content\">\n\t\t\t\t\t\t\t\t\t\t\t\t\t\t\t\t\t\t\t\t\t\t\t\t\t\t\t\t\t<h4 class=\"box-heading\">\n\t\t\t\t\t\t\t\t\t\t\t<a aria-label=\"Sammanfattning\">\t\t\t\t\t\t\t\t\t\t\t\tSammanfattning\t\t\t\t\t\t\t\t\t\t\t<\/a>\t\t\t\t\t\t\t\t\t\t<\/h4>\n\t\t\t\t\t\t\t\t\t\t\t\t\t\t\t\t\t\t\t\t\t\t\t\t\t\t\t\t<div class=\"box-description\">G\u00f6ks\u00e4ter startades \u00e5r 1866 som en enkel lanthandel och har utvecklats genom generationer till ett 8000 kvm stort l\u00e5gprisvaruhus, med hela 9 utbyggnader. \n\nF\u00f6retaget \u00e4gs och drivs idag av den fj\u00e4rde generationen: Gun-Britt Svensson och Rolf Arvidsson. <\/div>\n\t\t\t\t\t\t\t\t\t\t\t\t\t\t\t\t\t\t\t\t\t\t\t\t\t\t<\/div>\n\t\t\t\t\t\t\t<\/div>\n\t\t\t\t\t\t<\/div>\t\t\t\t\t<\/div>\n\t\t\t\t\t\t\t<\/div>\n\t\t<\/div>\t\t\t\t<\/div>\n\t\t\t\t<\/div>\n\t\t\t\t\t<\/div>\n\t\t<\/div>\n\t\t\t\t<div class=\"elementor-column elementor-col-25 elementor-top-column elementor-element elementor-element-4a01ed9\" data-id=\"4a01ed9\" data-element_type=\"column\" data-e-type=\"column\">\n\t\t\t<div class=\"elementor-widget-wrap elementor-element-populated\">\n\t\t\t\t\t\t<div class=\"elementor-element elementor-element-50db0df elementor-widget elementor-widget-text-editor\" data-id=\"50db0df\" data-element_type=\"widget\" data-e-type=\"widget\" data-widget_type=\"text-editor.default\">\n\t\t\t\t<div class=\"elementor-widget-container\">\n\t\t\t\t\t\t\t\t\t<p><strong>1866<\/strong> startades det en lanthandel i G\u00f6ks\u00e4ter av en broder till Petter Eriksson som \u00f6vertog lanthandeln 1869. Petter och hans fru Anna-Britta fick fem barn.<\/p><p>Sonen Arvid Eriksson drev tillsammans med hustrun Sara vidare lanthandeln.<\/p><p>Arvid och Sara byggde en ny aff\u00e4r 1937 med bostad p\u00e5 \u00f6verv\u00e5ningen.<\/p><p><strong>1967<\/strong> tog sonen Peter Arvidsson tillsammans med sin fru Runa \u00f6ver aff\u00e4ren.<\/p><p>Sortimentet var en lanthandels med det mesta fr\u00e5n kalsonger, kaffekoppar och tofflor till livsmedel med jordgubbar och ost som specialitet.<\/p><p><strong>1977<\/strong> byggdes ett magasin som fanns intill aff\u00e4ren om till butik. Manufaktur, porslin och skor flyttades dit och dottern Gun-Britt b\u00f6rjade jobba full tid i butiken. Sortimentet ut\u00f6kades med tyger, vilket var f\u00f6rsta steget mot varuhuset G\u00f6ks\u00e4ter.<\/p><p><strong>1986<\/strong> b\u00f6rjade sonen Rolf p\u00e5 heltid i aff\u00e4ren. Efter n\u00e5gra tillbyggnader flyttade livsmedlet dit 1988.<\/p><p>Peter gick hastigt bort 1993, Runa fortsatte tillsammans med barnen Gun-Britt och Rolf att driva firman vidare.<\/p><p><strong>1995<\/strong> st\u00e4ngde matavdelningen som blev ny tygavdelning. 2004 gick Runa bort och den tidigare lanthandeln drivs idag av syskonen Gun-Britt och Rolf. Det forna magasinet har byggts till nio g\u00e5nger och har en yta p\u00e5 8500 kvm varav 5500 kvm butiksyta.<\/p><p><strong>2014<\/strong> b\u00f6rjades det med ytterligare en utbyggnad, denna g\u00e5ng p\u00e5 ca. 2600 kvm butiksyta. Den befintliga och nya byggnaden h\u00e4ngs ihop med en bro.<\/p><p><strong>2015<\/strong>, den 30 mars \u00f6ppnades tillbyggnaden och butiksytan ligger idag p\u00e5 ca. 8000 kvm. I den nya byggnaden finns entr\u00e9n, st\u00f6rre kafeteria, toaletter, provrum, kassor, kl\u00e4der och skor.<\/p>\t\t\t\t\t\t\t\t<\/div>\n\t\t\t\t<\/div>\n\t\t\t\t\t<\/div>\n\t\t<\/div>\n\t\t\t\t<div class=\"elementor-column elementor-col-25 elementor-top-column elementor-element elementor-element-0b9f793\" data-id=\"0b9f793\" data-element_type=\"column\" data-e-type=\"column\">\n\t\t\t<div class=\"elementor-widget-wrap elementor-element-populated\">\n\t\t\t\t\t\t<div class=\"elementor-element elementor-element-3855721 elementor-widget elementor-widget-image\" data-id=\"3855721\" data-element_type=\"widget\" data-e-type=\"widget\" data-widget_type=\"image.default\">\n\t\t\t\t<div class=\"elementor-widget-container\">\n\t\t\t\t\t\t\t\t\t\t\t\t<figure class=\"wp-caption\">\n\t\t\t\t\t\t\t\t\t\t<img decoding=\"async\" src=\"https:\/\/www.goksater.com\/wp-content\/uploads\/elementor\/thumbs\/IMG_9481-scaled-r7q3amog9kcnvmaex26i33yq5v77n8tj3y9o7urj0w.jpg\" title=\"IMG_9481\" alt=\"IMG_9481\" loading=\"lazy\" \/>\t\t\t\t\t\t\t\t\t\t\t<figcaption class=\"widget-image-caption wp-caption-text\">1993<\/figcaption>\n\t\t\t\t\t\t\t\t\t\t<\/figure>\n\t\t\t\t\t\t\t\t\t<\/div>\n\t\t\t\t<\/div>\n\t\t\t\t<div class=\"elementor-element elementor-element-fb7d95c elementor-widget elementor-widget-image\" data-id=\"fb7d95c\" data-element_type=\"widget\" data-e-type=\"widget\" data-widget_type=\"image.default\">\n\t\t\t\t<div class=\"elementor-widget-container\">\n\t\t\t\t\t\t\t\t\t\t\t\t<figure class=\"wp-caption\">\n\t\t\t\t\t\t\t\t\t\t<img decoding=\"async\" src=\"https:\/\/www.goksater.com\/wp-content\/uploads\/elementor\/thumbs\/IMG_9482-scaled-r7q37ogotab9fokp5a9nrcrn1bqqhg3v1cjszl50k0.jpg\" title=\"IMG_9482\" alt=\"IMG_9482\" loading=\"lazy\" \/>\t\t\t\t\t\t\t\t\t\t\t<figcaption class=\"widget-image-caption wp-caption-text\">2001<\/figcaption>\n\t\t\t\t\t\t\t\t\t\t<\/figure>\n\t\t\t\t\t\t\t\t\t<\/div>\n\t\t\t\t<\/div>\n\t\t\t\t<div class=\"elementor-element elementor-element-c0f87e8 elementor-widget elementor-widget-image\" data-id=\"c0f87e8\" data-element_type=\"widget\" data-e-type=\"widget\" data-widget_type=\"image.default\">\n\t\t\t\t<div class=\"elementor-widget-container\">\n\t\t\t\t\t\t\t\t\t\t\t\t<figure class=\"wp-caption\">\n\t\t\t\t\t\t\t\t\t\t<img decoding=\"async\" src=\"https:\/\/www.goksater.com\/wp-content\/uploads\/elementor\/thumbs\/ny-bild-oversikt-goken-historik-r7rx4ps9m029mk4oja20lnssdc194fmzxyu9uh6tx4.jpg\" title=\"ny bild \u00f6versikt g\u00f6ken historik\" alt=\"ny bild \u00f6versikt g\u00f6ken historik\" loading=\"lazy\" \/>\t\t\t\t\t\t\t\t\t\t\t<figcaption class=\"widget-image-caption wp-caption-text\">2024<\/figcaption>\n\t\t\t\t\t\t\t\t\t\t<\/figure>\n\t\t\t\t\t\t\t\t\t<\/div>\n\t\t\t\t<\/div>\n\t\t\t\t\t<\/div>\n\t\t<\/div>\n\t\t\t\t<div class=\"elementor-column elementor-col-25 elementor-top-column elementor-element elementor-element-caca14a\" data-id=\"caca14a\" data-element_type=\"column\" data-e-type=\"column\">\n\t\t\t<div class=\"elementor-widget-wrap\">\n\t\t\t\t\t\t\t<\/div>\n\t\t<\/div>\n\t\t\t\t\t<\/div>\n\t\t<\/section>\n\t\t\t\t<section class=\"elementor-section elementor-top-section elementor-element elementor-element-b182c4b elementor-section-stretched elementor-section-full_width elementor-section-height-default elementor-section-height-default\" data-id=\"b182c4b\" data-element_type=\"section\" data-e-type=\"section\" data-settings=\"{&quot;stretch_section&quot;:&quot;section-stretched&quot;}\">\n\t\t\t\t\t\t<div class=\"elementor-container elementor-column-gap-no\">\n\t\t\t\t\t<div class=\"elementor-column elementor-col-100 elementor-top-column elementor-element elementor-element-8fd27fc\" data-id=\"8fd27fc\" data-element_type=\"column\" data-e-type=\"column\">\n\t\t\t<div class=\"elementor-widget-wrap elementor-element-populated\">\n\t\t\t\t\t\t<div class=\"elementor-element elementor-element-cf18b5e elementor-widget-divider--separator-type-pattern elementor-widget-divider--view-line elementor-widget elementor-widget-divider\" data-id=\"cf18b5e\" data-element_type=\"widget\" data-e-type=\"widget\" data-widget_type=\"divider.default\">\n\t\t\t\t<div class=\"elementor-widget-container\">\n\t\t\t\t\t\t\t<div class=\"elementor-divider\" style=\"--divider-pattern-url: url(&quot;data:image\/svg+xml,%3Csvg xmlns=&#039;http:\/\/www.w3.org\/2000\/svg&#039; preserveAspectRatio=&#039;none&#039; overflow=&#039;visible&#039; height=&#039;100%&#039; viewBox=&#039;0 0 20 16&#039; fill=&#039;none&#039; stroke=&#039;black&#039; stroke-width=&#039;3&#039; stroke-linecap=&#039;square&#039; stroke-miterlimit=&#039;10&#039;%3E%3Cg transform=&#039;translate(-12.000000, 0)&#039;%3E%3Cpath d=&#039;M28,0L10,18&#039;\/%3E%3Cpath d=&#039;M18,0L0,18&#039;\/%3E%3Cpath d=&#039;M48,0L30,18&#039;\/%3E%3Cpath d=&#039;M38,0L20,18&#039;\/%3E%3C\/g%3E%3C\/svg%3E&quot;);\">\n\t\t\t<span class=\"elementor-divider-separator\">\n\t\t\t\t\t\t<\/span>\n\t\t<\/div>\n\t\t\t\t\t\t<\/div>\n\t\t\t\t<\/div>\n\t\t\t\t\t<\/div>\n\t\t<\/div>\n\t\t\t\t\t<\/div>\n\t\t<\/section>\n\t\t\t\t<\/div>\n\t\t","protected":false},"excerpt":{"rendered":"<p>historik Vi har funnits \u00f6ver 150 \u00e5r est. 1866 Sammanfattning G\u00f6ks\u00e4ter startades \u00e5r 1866 som en enkel lanthandel och har utvecklats genom generationer till ett 8000 kvm stort l\u00e5gprisvaruhus, med hela 9 utbyggnader. F\u00f6retaget \u00e4gs och drivs idag av den fj\u00e4rde generationen: Gun-Britt Svensson och Rolf Arvidsson. 1866 startades det en lanthandel i G\u00f6ks\u00e4ter av&hellip;<\/p>\n","protected":false},"author":1,"featured_media":0,"parent":0,"menu_order":20,"comment_status":"closed","ping_status":"closed","template":"","meta":{"_monsterinsights_skip_tracking":false,"_monsterinsights_sitenote_active":false,"_monsterinsights_sitenote_note":"","_monsterinsights_sitenote_category":0,"footnotes":""},"class_list":["post-4568","page","type-page","status-publish","hentry"],"yoast_head":"<!-- This site is optimized with the Yoast SEO plugin v27.5 - https:\/\/yoast.com\/product\/yoast-seo-wordpress\/ -->\n<title>Historik - G\u00f6ks\u00e4ter<\/title>\n<meta name=\"robots\" content=\"index, follow, max-snippet:-1, max-image-preview:large, max-video-preview:-1\" \/>\n<link rel=\"canonical\" href=\"https:\/\/www.goksater.com\/?page_id=4568\" \/>\n<meta property=\"og:locale\" content=\"sv_SE\" \/>\n<meta property=\"og:type\" content=\"article\" \/>\n<meta property=\"og:title\" content=\"Historik - G\u00f6ks\u00e4ter\" \/>\n<meta property=\"og:description\" content=\"historik Vi har funnits \u00f6ver 150 \u00e5r est. 1866 Sammanfattning G\u00f6ks\u00e4ter startades \u00e5r 1866 som en enkel lanthandel och har utvecklats genom generationer till ett 8000 kvm stort l\u00e5gprisvaruhus, med hela 9 utbyggnader. F\u00f6retaget \u00e4gs och drivs idag av den fj\u00e4rde generationen: Gun-Britt Svensson och Rolf Arvidsson. 1866 startades det en lanthandel i G\u00f6ks\u00e4ter av&hellip;\" \/>\n<meta property=\"og:url\" content=\"https:\/\/www.goksater.com\/?page_id=4568\" \/>\n<meta property=\"og:site_name\" content=\"G\u00f6ks\u00e4ter\" \/>\n<meta property=\"article:publisher\" content=\"https:\/\/www.facebook.com\/goksater\/?fref=ts\" \/>\n<meta property=\"article:modified_time\" content=\"2025-06-26T14:15:09+00:00\" \/>\n<meta property=\"og:image\" content=\"https:\/\/www.goksater.com\/wp-content\/uploads\/elementor\/thumbs\/IMG_9481-scaled-r7q3amog9kcnvmaex26i33yq5v77n8tj3y9o7urj0w.jpg\" \/>\n<meta name=\"twitter:card\" content=\"summary_large_image\" \/>\n<meta name=\"twitter:label1\" content=\"Ber\u00e4knad l\u00e4stid\" \/>\n\t<meta name=\"twitter:data1\" content=\"3 minuter\" \/>\n<script type=\"application\/ld+json\" class=\"yoast-schema-graph\">{\"@context\":\"https:\\\/\\\/schema.org\",\"@graph\":[{\"@type\":\"WebPage\",\"@id\":\"https:\\\/\\\/www.goksater.com\\\/?page_id=4568\",\"url\":\"https:\\\/\\\/www.goksater.com\\\/?page_id=4568\",\"name\":\"Historik - G\u00f6ks\u00e4ter\",\"isPartOf\":{\"@id\":\"https:\\\/\\\/www.goksater.com\\\/#website\"},\"primaryImageOfPage\":{\"@id\":\"https:\\\/\\\/www.goksater.com\\\/?page_id=4568#primaryimage\"},\"image\":{\"@id\":\"https:\\\/\\\/www.goksater.com\\\/?page_id=4568#primaryimage\"},\"thumbnailUrl\":\"https:\\\/\\\/www.goksater.com\\\/wp-content\\\/uploads\\\/elementor\\\/thumbs\\\/IMG_9481-scaled-r7q3amog9kcnvmaex26i33yq5v77n8tj3y9o7urj0w.jpg\",\"datePublished\":\"2020-02-15T09:36:10+00:00\",\"dateModified\":\"2025-06-26T14:15:09+00:00\",\"breadcrumb\":{\"@id\":\"https:\\\/\\\/www.goksater.com\\\/?page_id=4568#breadcrumb\"},\"inLanguage\":\"sv-SE\",\"potentialAction\":[{\"@type\":\"ReadAction\",\"target\":[\"https:\\\/\\\/www.goksater.com\\\/?page_id=4568\"]}]},{\"@type\":\"ImageObject\",\"inLanguage\":\"sv-SE\",\"@id\":\"https:\\\/\\\/www.goksater.com\\\/?page_id=4568#primaryimage\",\"url\":\"https:\\\/\\\/www.goksater.com\\\/wp-content\\\/uploads\\\/elementor\\\/thumbs\\\/IMG_9481-scaled-r7q3amog9kcnvmaex26i33yq5v77n8tj3y9o7urj0w.jpg\",\"contentUrl\":\"https:\\\/\\\/www.goksater.com\\\/wp-content\\\/uploads\\\/elementor\\\/thumbs\\\/IMG_9481-scaled-r7q3amog9kcnvmaex26i33yq5v77n8tj3y9o7urj0w.jpg\"},{\"@type\":\"BreadcrumbList\",\"@id\":\"https:\\\/\\\/www.goksater.com\\\/?page_id=4568#breadcrumb\",\"itemListElement\":[{\"@type\":\"ListItem\",\"position\":1,\"name\":\"Home\",\"item\":\"https:\\\/\\\/www.goksater.com\\\/\"},{\"@type\":\"ListItem\",\"position\":2,\"name\":\"Historik\"}]},{\"@type\":\"WebSite\",\"@id\":\"https:\\\/\\\/www.goksater.com\\\/#website\",\"url\":\"https:\\\/\\\/www.goksater.com\\\/\",\"name\":\"G\u00f6ks\u00e4ter\",\"description\":\"G\u00f6r en utflykt till G\u00f6ks\u00e4ter, vi har n\u00e5got f\u00f6r alla\",\"publisher\":{\"@id\":\"https:\\\/\\\/www.goksater.com\\\/#organization\"},\"potentialAction\":[{\"@type\":\"SearchAction\",\"target\":{\"@type\":\"EntryPoint\",\"urlTemplate\":\"https:\\\/\\\/www.goksater.com\\\/?s={search_term_string}\"},\"query-input\":{\"@type\":\"PropertyValueSpecification\",\"valueRequired\":true,\"valueName\":\"search_term_string\"}}],\"inLanguage\":\"sv-SE\"},{\"@type\":\"Organization\",\"@id\":\"https:\\\/\\\/www.goksater.com\\\/#organization\",\"name\":\"G\u00f6ks\u00e4ter\",\"url\":\"https:\\\/\\\/www.goksater.com\\\/\",\"logo\":{\"@type\":\"ImageObject\",\"inLanguage\":\"sv-SE\",\"@id\":\"https:\\\/\\\/www.goksater.com\\\/#\\\/schema\\\/logo\\\/image\\\/\",\"url\":\"https:\\\/\\\/www.goksater.com\\\/wp-content\\\/uploads\\\/2020\\\/02\\\/Goksater-logo.png\",\"contentUrl\":\"https:\\\/\\\/www.goksater.com\\\/wp-content\\\/uploads\\\/2020\\\/02\\\/Goksater-logo.png\",\"width\":259,\"height\":153,\"caption\":\"G\u00f6ks\u00e4ter\"},\"image\":{\"@id\":\"https:\\\/\\\/www.goksater.com\\\/#\\\/schema\\\/logo\\\/image\\\/\"},\"sameAs\":[\"https:\\\/\\\/www.facebook.com\\\/goksater\\\/?fref=ts\",\"https:\\\/\\\/www.instagram.com\\\/goksater_officiell\\\/\"]}]}<\/script>\n<!-- \/ Yoast SEO plugin. -->","yoast_head_json":{"title":"Historik - G\u00f6ks\u00e4ter","robots":{"index":"index","follow":"follow","max-snippet":"max-snippet:-1","max-image-preview":"max-image-preview:large","max-video-preview":"max-video-preview:-1"},"canonical":"https:\/\/www.goksater.com\/?page_id=4568","og_locale":"sv_SE","og_type":"article","og_title":"Historik - G\u00f6ks\u00e4ter","og_description":"historik Vi har funnits \u00f6ver 150 \u00e5r est. 1866 Sammanfattning G\u00f6ks\u00e4ter startades \u00e5r 1866 som en enkel lanthandel och har utvecklats genom generationer till ett 8000 kvm stort l\u00e5gprisvaruhus, med hela 9 utbyggnader. F\u00f6retaget \u00e4gs och drivs idag av den fj\u00e4rde generationen: Gun-Britt Svensson och Rolf Arvidsson. 1866 startades det en lanthandel i G\u00f6ks\u00e4ter av&hellip;","og_url":"https:\/\/www.goksater.com\/?page_id=4568","og_site_name":"G\u00f6ks\u00e4ter","article_publisher":"https:\/\/www.facebook.com\/goksater\/?fref=ts","article_modified_time":"2025-06-26T14:15:09+00:00","og_image":[{"url":"https:\/\/www.goksater.com\/wp-content\/uploads\/elementor\/thumbs\/IMG_9481-scaled-r7q3amog9kcnvmaex26i33yq5v77n8tj3y9o7urj0w.jpg","type":"","width":"","height":""}],"twitter_card":"summary_large_image","twitter_misc":{"Ber\u00e4knad l\u00e4stid":"3 minuter"},"schema":{"@context":"https:\/\/schema.org","@graph":[{"@type":"WebPage","@id":"https:\/\/www.goksater.com\/?page_id=4568","url":"https:\/\/www.goksater.com\/?page_id=4568","name":"Historik - G\u00f6ks\u00e4ter","isPartOf":{"@id":"https:\/\/www.goksater.com\/#website"},"primaryImageOfPage":{"@id":"https:\/\/www.goksater.com\/?page_id=4568#primaryimage"},"image":{"@id":"https:\/\/www.goksater.com\/?page_id=4568#primaryimage"},"thumbnailUrl":"https:\/\/www.goksater.com\/wp-content\/uploads\/elementor\/thumbs\/IMG_9481-scaled-r7q3amog9kcnvmaex26i33yq5v77n8tj3y9o7urj0w.jpg","datePublished":"2020-02-15T09:36:10+00:00","dateModified":"2025-06-26T14:15:09+00:00","breadcrumb":{"@id":"https:\/\/www.goksater.com\/?page_id=4568#breadcrumb"},"inLanguage":"sv-SE","potentialAction":[{"@type":"ReadAction","target":["https:\/\/www.goksater.com\/?page_id=4568"]}]},{"@type":"ImageObject","inLanguage":"sv-SE","@id":"https:\/\/www.goksater.com\/?page_id=4568#primaryimage","url":"https:\/\/www.goksater.com\/wp-content\/uploads\/elementor\/thumbs\/IMG_9481-scaled-r7q3amog9kcnvmaex26i33yq5v77n8tj3y9o7urj0w.jpg","contentUrl":"https:\/\/www.goksater.com\/wp-content\/uploads\/elementor\/thumbs\/IMG_9481-scaled-r7q3amog9kcnvmaex26i33yq5v77n8tj3y9o7urj0w.jpg"},{"@type":"BreadcrumbList","@id":"https:\/\/www.goksater.com\/?page_id=4568#breadcrumb","itemListElement":[{"@type":"ListItem","position":1,"name":"Home","item":"https:\/\/www.goksater.com\/"},{"@type":"ListItem","position":2,"name":"Historik"}]},{"@type":"WebSite","@id":"https:\/\/www.goksater.com\/#website","url":"https:\/\/www.goksater.com\/","name":"G\u00f6ks\u00e4ter","description":"G\u00f6r en utflykt till G\u00f6ks\u00e4ter, vi har n\u00e5got f\u00f6r alla","publisher":{"@id":"https:\/\/www.goksater.com\/#organization"},"potentialAction":[{"@type":"SearchAction","target":{"@type":"EntryPoint","urlTemplate":"https:\/\/www.goksater.com\/?s={search_term_string}"},"query-input":{"@type":"PropertyValueSpecification","valueRequired":true,"valueName":"search_term_string"}}],"inLanguage":"sv-SE"},{"@type":"Organization","@id":"https:\/\/www.goksater.com\/#organization","name":"G\u00f6ks\u00e4ter","url":"https:\/\/www.goksater.com\/","logo":{"@type":"ImageObject","inLanguage":"sv-SE","@id":"https:\/\/www.goksater.com\/#\/schema\/logo\/image\/","url":"https:\/\/www.goksater.com\/wp-content\/uploads\/2020\/02\/Goksater-logo.png","contentUrl":"https:\/\/www.goksater.com\/wp-content\/uploads\/2020\/02\/Goksater-logo.png","width":259,"height":153,"caption":"G\u00f6ks\u00e4ter"},"image":{"@id":"https:\/\/www.goksater.com\/#\/schema\/logo\/image\/"},"sameAs":["https:\/\/www.facebook.com\/goksater\/?fref=ts","https:\/\/www.instagram.com\/goksater_officiell\/"]}]}},"_links":{"self":[{"href":"https:\/\/www.goksater.com\/index.php?rest_route=\/wp\/v2\/pages\/4568","targetHints":{"allow":["GET"]}}],"collection":[{"href":"https:\/\/www.goksater.com\/index.php?rest_route=\/wp\/v2\/pages"}],"about":[{"href":"https:\/\/www.goksater.com\/index.php?rest_route=\/wp\/v2\/types\/page"}],"author":[{"embeddable":true,"href":"https:\/\/www.goksater.com\/index.php?rest_route=\/wp\/v2\/users\/1"}],"replies":[{"embeddable":true,"href":"https:\/\/www.goksater.com\/index.php?rest_route=%2Fwp%2Fv2%2Fcomments&post=4568"}],"version-history":[{"count":6,"href":"https:\/\/www.goksater.com\/index.php?rest_route=\/wp\/v2\/pages\/4568\/revisions"}],"predecessor-version":[{"id":6793,"href":"https:\/\/www.goksater.com\/index.php?rest_route=\/wp\/v2\/pages\/4568\/revisions\/6793"}],"wp:attachment":[{"href":"https:\/\/www.goksater.com\/index.php?rest_route=%2Fwp%2Fv2%2Fmedia&parent=4568"}],"curies":[{"name":"wp","href":"https:\/\/api.w.org\/{rel}","templated":true}]}}